{"id":9196,"date":"2023-11-07T14:30:07","date_gmt":"2023-11-07T14:30:07","guid":{"rendered":"https:\/\/cannavie.be\/?post_type=product&#038;p=9196"},"modified":"2025-10-30T11:03:14","modified_gmt":"2025-10-30T11:03:14","slug":"pates-chanvre-bio","status":"publish","type":"product","link":"https:\/\/cannavie.be\/nl\/product\/biologische-hennep-pasta\/","title":{"rendered":"Biologische hennep pasta"},"content":{"rendered":"<div data-elementor-type=\"wp-post\" data-elementor-id=\"9196\" class=\"elementor elementor-9196\">\n\t\t\t\t\t\t\t\t\t<section class=\"wd-negative-gap elementor-section elementor-top-section elementor-element elementor-element-f2e2cc8 elementor-section-boxed elementor-section-height-default elementor-section-height-default wd-section-disabled\" data-id=\"f2e2cc8\" data-element_type=\"section\">\n\t\t\t\t\t\t<div class=\"elementor-container elementor-column-gap-default\">\n\t\t\t\t\t<div class=\"elementor-column elementor-col-100 elementor-top-column elementor-element elementor-element-7ca7c14\" data-id=\"7ca7c14\" data-element_type=\"column\">\n\t\t\t<div class=\"elementor-widget-wrap elementor-element-populated\">\n\t\t\t\t\t\t\t\t<div class=\"elementor-element elementor-element-633b962 elementor-widget elementor-widget-qi_addons_for_elementor_highlight\" data-id=\"633b962\" data-element_type=\"widget\" data-widget_type=\"qi_addons_for_elementor_highlight.default\">\n\t\t\t\t<div class=\"elementor-widget-container\">\n\t\t\t<h1 class=\"qodef-shortcode qodef-m  qodef-qi-highlight  qodef-highlight-style--color\" >\n\tBezwijk voor de geneugten van <span class=\"qodef-highlight-text\" style=\"background-image: linear-gradient(to bottom, transparent 55%, #E4E599 55%, #E4E599 100%, transparent 100%)\">Biologische hennep pasta<\/span><\/h1>\n\t\t<\/div>\n\t\t\t\t<\/div>\n\t\t\t\t<div class=\"elementor-element elementor-element-7f4afe4 color-scheme-inherit text-left elementor-widget elementor-widget-text-editor\" data-id=\"7f4afe4\" data-element_type=\"widget\" data-widget_type=\"text-editor.default\">\n\t\t\t\t<div class=\"elementor-widget-container\">\n\t\t\t<style>\/*! elementor - v3.11.5 - 14-03-2023 *\/\n.elementor-widget-text-editor.elementor-drop-cap-view-stacked .elementor-drop-cap{background-color:#818a91;color:#fff}.elementor-widget-text-editor.elementor-drop-cap-view-framed .elementor-drop-cap{color:#818a91;border:3px solid;background-color:transparent}.elementor-widget-text-editor:not(.elementor-drop-cap-view-default) .elementor-drop-cap{margin-top:8px}.elementor-widget-text-editor:not(.elementor-drop-cap-view-default) .elementor-drop-cap-letter{width:1em;height:1em}.elementor-widget-text-editor .elementor-drop-cap{float:left;text-align:center;line-height:1;font-size:50px}.elementor-widget-text-editor .elementor-drop-cap-letter{display:inline-block}<\/style>\t\t\t\t<p>De henneppasta van Les Frangines is\u00a0<strong>100% planten<\/strong>Deze zijn een uitstekende bron van complete, licht verteerbare eiwitten. Ze zijn het resultaat van een samenwerking met Cannavie en garanderen een complete en licht verteerbare eiwitbron.\u00a0<strong>Hennepbloem met hoge voedingswaarde<\/strong>lokaal geteeld in Walloni\u00eb.<\/p><p><span style=\"font-family: 'Open Sans', Arial, Helvetica, sans-serif; font-size: 15px; font-style: normal; font-variant-ligatures: normal; font-variant-caps: normal; font-weight: 400;\">De henneppasta wordt gemaakt door de getalenteerde zussen van de Zusters Goffard in Alleur en is het resultaat van een proces van\u00a0<\/span><span style=\"font-style: normal; font-variant-ligatures: normal; font-variant-caps: normal; font-weight: 600; font-family: 'Open Sans', Arial, Helvetica, sans-serif; font-size: 15px;\">traditioneel vakmanschap<\/span><span style=\"font-family: 'Open Sans', Arial, Helvetica, sans-serif; font-size: 15px; font-style: normal; font-variant-ligatures: normal; font-variant-caps: normal; font-weight: 400;\">\u00a0made in Belgium en een passie voor gastronomie.\u00a0<\/span><span style=\"font-style: normal; font-variant-ligatures: normal; font-variant-caps: normal; font-weight: 600; font-family: 'Open Sans', Arial, Helvetica, sans-serif; font-size: 15px;\">Gecertificeerd biologisch<\/span><span style=\"font-family: 'Open Sans', Arial, Helvetica, sans-serif; font-size: 15px; font-style: normal; font-variant-ligatures: normal; font-variant-caps: normal; font-weight: 400;\">\u00a0door Certisys, zijn zorgvuldig ontwikkeld om unieke smaken en een gedurfde kijk op de klassiekers te bieden.<\/span><\/p><h2><span style=\"color: #008000;\">Respect voor de natuur<\/span><\/h2><p>De Goffard Sisters hebben zich ingeschreven voor een\u00a0<strong>milieuvriendelijke productie<\/strong>. De pasta wordt langzaam gedroogd op een lage temperatuur om alle voedingswaarde en organoleptische kwaliteiten te behouden. Bovendien zijn ze gemaakt van natuurlijke ingredi\u00ebnten, zonder toegevoegd zout, conserveringsmiddelen, kleurstoffen of additieven.<\/p>\t\t\t\t\t\t<\/div>\n\t\t\t\t<\/div>\n\t\t\t\t\t<\/div>\n\t\t<\/div>\n\t\t\t\t\t\t\t<\/div>\n\t\t<\/section>\n\t\t\t\t<section class=\"wd-negative-gap elementor-section elementor-top-section elementor-element elementor-element-c88f8d8 elementor-section-boxed elementor-section-height-default elementor-section-height-default wd-section-disabled\" data-id=\"c88f8d8\" data-element_type=\"section\" data-settings=\"{&quot;background_background&quot;:&quot;classic&quot;}\">\n\t\t\t\t\t\t<div class=\"elementor-container elementor-column-gap-default\">\n\t\t\t\t\t<div class=\"elementor-column elementor-col-50 elementor-top-column elementor-element elementor-element-02f3ad8\" data-id=\"02f3ad8\" data-element_type=\"column\">\n\t\t\t<div class=\"elementor-widget-wrap elementor-element-populated\">\n\t\t\t\t\t\t\t\t<div class=\"elementor-element elementor-element-a358d2d elementor-widget elementor-widget-qi_addons_for_elementor_highlight\" data-id=\"a358d2d\" data-element_type=\"widget\" data-widget_type=\"qi_addons_for_elementor_highlight.default\">\n\t\t\t\t<div class=\"elementor-widget-container\">\n\t\t\t<h2 class=\"qodef-shortcode qodef-m  qodef-qi-highlight  qodef-highlight-style--color\" >\n\t<span class=\"qodef-highlight-text\" style=\"background-image: linear-gradient(to bottom, transparent 55%, #E4E599 55%, #E4E599 100%, transparent 100%)\">Voordelen<\/span> hennep pasta<\/h2>\n\t\t<\/div>\n\t\t\t\t<\/div>\n\t\t\t\t<div class=\"elementor-element elementor-element-fff5916 color-scheme-inherit text-left elementor-widget elementor-widget-text-editor\" data-id=\"fff5916\" data-element_type=\"widget\" data-widget_type=\"text-editor.default\">\n\t\t\t\t<div class=\"elementor-widget-container\">\n\t\t\t\t\t\t\t<p>Dankzij de<strong>toevoeging van Cannavie hennep prote\u00efne poeder<\/strong>De henneppasta van Les Frangines heeft een originele smaak en kleur en profiteert van de uitzonderlijke eigenschappen van hennepprote\u00efnen. Dit eiwit is <strong>zeer goed verteerbaar en bevat alle 8 essenti\u00eble aminozuren<\/strong>waardoor het een compleet eiwit is.<\/p>\t\t\t\t\t\t<\/div>\n\t\t\t\t<\/div>\n\t\t\t\t\t<\/div>\n\t\t<\/div>\n\t\t\t\t<div class=\"elementor-column elementor-col-50 elementor-top-column elementor-element elementor-element-db931a2\" data-id=\"db931a2\" data-element_type=\"column\">\n\t\t\t<div class=\"elementor-widget-wrap elementor-element-populated\">\n\t\t\t\t\t\t\t\t<div class=\"elementor-element elementor-element-01b76b6 elementor-widget elementor-widget-qi_addons_for_elementor_highlight\" data-id=\"01b76b6\" data-element_type=\"widget\" data-widget_type=\"qi_addons_for_elementor_highlight.default\">\n\t\t\t\t<div class=\"elementor-widget-container\">\n\t\t\t<h2 class=\"qodef-shortcode qodef-m  qodef-qi-highlight  qodef-highlight-style--color\" >\n\t<span class=\"qodef-highlight-text\" style=\"background-image: linear-gradient(to bottom, transparent 55%, #E4E599 55%, #E4E599 100%, transparent 100%)\">Allergenen<\/span> hennep pasta<\/h2>\n\t\t<\/div>\n\t\t\t\t<\/div>\n\t\t\t\t<div class=\"elementor-element elementor-element-24f12a0 color-scheme-inherit text-left elementor-widget elementor-widget-text-editor\" data-id=\"24f12a0\" data-element_type=\"widget\" data-widget_type=\"text-editor.default\">\n\t\t\t\t<div class=\"elementor-widget-container\">\n\t\t\t\t\t\t\t<p>We doen er alles aan om de voedselveiligheid voor onze klanten te garanderen. Onze pasta wordt geproduceerd in een werkplaats waar ook met het voedsel wordt gewerkt. <strong>tarwe<\/strong> (gluten) <strong>eieren<\/strong> en ingredi\u00ebnten die lijken op <strong>schaaldieren, weekdieren en mijten<\/strong>.<\/p><p><b>Ingredi\u00ebnten:<\/b> Griesmeel <strong>tarwe<\/strong> harde boete* (<strong>gluten<\/strong>), hennep-eiwitpoeder*.<br \/>*biologische landbouw<\/p>\t\t\t\t\t\t<\/div>\n\t\t\t\t<\/div>\n\t\t\t\t\t<\/div>\n\t\t<\/div>\n\t\t\t\t\t\t\t<\/div>\n\t\t<\/section>\n\t\t\t\t<section class=\"wd-negative-gap elementor-section elementor-top-section elementor-element elementor-element-69f657c elementor-section-boxed elementor-section-height-default elementor-section-height-default wd-section-disabled\" data-id=\"69f657c\" data-element_type=\"section\">\n\t\t\t\t\t\t<div class=\"elementor-container elementor-column-gap-default\">\n\t\t\t\t\t<div class=\"elementor-column elementor-col-100 elementor-top-column elementor-element elementor-element-7e43377\" data-id=\"7e43377\" data-element_type=\"column\">\n\t\t\t<div class=\"elementor-widget-wrap elementor-element-populated\">\n\t\t\t\t\t\t\t\t<div class=\"elementor-element elementor-element-323e6a4 color-scheme-inherit text-left elementor-widget elementor-widget-text-editor\" data-id=\"323e6a4\" data-element_type=\"widget\" data-widget_type=\"text-editor.default\">\n\t\t\t\t<div class=\"elementor-widget-container\">\n\t\t\t\t\t\t\t<p><span style=\"font-style: normal; font-variant-ligatures: normal; font-variant-caps: normal; font-weight: 400; font-family: 'Open Sans', Arial, Helvetica, sans-serif; font-size: 15px; background-color: var(--bgcolor-white); color: #008000;\"><span style=\"font-weight: 600; font-size: 15px;\">Meer weten?<\/span><\/span><span style=\"font-style: normal; font-variant-ligatures: normal; font-variant-caps: normal; font-weight: 400; font-family: 'Open Sans', Arial, Helvetica, sans-serif; font-size: 15px; color: var(--wd-text-color); background-color: var(--bgcolor-white);\"> <em>Ontdek\u00a0<a href=\"https:\/\/cannavie.be\/nl\/prestatie-hennep-eiwitpoeder\/\" target=\"_blank\" rel=\"noopener\">hoe hennep prote\u00efnepoeder je prestaties kan verbeteren<\/a>\u00a0en verbeter je dagelijks leven!<\/em><\/span><\/p>\t\t\t\t\t\t<\/div>\n\t\t\t\t<\/div>\n\t\t\t\t<div class=\"elementor-element elementor-element-297226c elementor-widget elementor-widget-qi_addons_for_elementor_highlight\" data-id=\"297226c\" data-element_type=\"widget\" data-widget_type=\"qi_addons_for_elementor_highlight.default\">\n\t\t\t\t<div class=\"elementor-widget-container\">\n\t\t\t<h2 class=\"qodef-shortcode qodef-m  qodef-qi-highlight  qodef-highlight-style--color\" >\n\t<span class=\"qodef-highlight-text\" style=\"background-image: linear-gradient(to bottom, transparent 55%, #E4E599 55%, #E4E599 100%, transparent 100%)\">Hoe wordt het verkregen<\/span> Hennep prote\u00efne poeder? <\/h2>\n\t\t<\/div>\n\t\t\t\t<\/div>\n\t\t\t\t<div class=\"elementor-element elementor-element-32b3925 color-scheme-inherit text-left elementor-widget elementor-widget-text-editor\" data-id=\"32b3925\" data-element_type=\"widget\" data-widget_type=\"text-editor.default\">\n\t\t\t\t<div class=\"elementor-widget-container\">\n\t\t\t\t\t\t\t<p data-sourcepos=\"24:1-24:203\">Wanneer je <strong>druk op<\/strong> hennepzaden koud geperst worden, verkrijgen we enerzijds de<a href=\"https:\/\/cannavie.be\/nl\/product\/biologische-hennepzaadolie\/\" target=\"_blank\" rel=\"noopener\">hennepzaadolie<\/a>enerzijds en het droge residu van de zaden, genaamd <strong>tourteau<\/strong>. Daarna wordt het gemalen en gezeefd om een zeer fijn poeder te verkrijgen met een hoge concentratie van <strong>complete prote\u00efnen<\/strong>.<\/p>\t\t\t\t\t\t<\/div>\n\t\t\t\t<\/div>\n\t\t\t\t<div class=\"elementor-element elementor-element-698018e elementor-widget elementor-widget-qi_addons_for_elementor_highlight\" data-id=\"698018e\" data-element_type=\"widget\" data-widget_type=\"qi_addons_for_elementor_highlight.default\">\n\t\t\t\t<div class=\"elementor-widget-container\">\n\t\t\t<h2 class=\"qodef-shortcode qodef-m  qodef-qi-highlight  qodef-highlight-style--color\" >\n\tOnze toewijding <span class=\"qodef-highlight-text\" style=\"background-image: linear-gradient(to bottom, transparent 55%, #E4E599 55%, #E4E599 100%, transparent 100%)\">Biologisch en lokaal<\/span><\/h2>\n\t\t<\/div>\n\t\t\t\t<\/div>\n\t\t\t\t<div class=\"elementor-element elementor-element-a13f9bf color-scheme-inherit text-left elementor-widget elementor-widget-text-editor\" data-id=\"a13f9bf\" data-element_type=\"widget\" data-widget_type=\"text-editor.default\">\n\t\t\t\t<div class=\"elementor-widget-container\">\n\t\t\t\t\t\t\t<p>Sinds 2016 zijn we zowel ondernemers als activisten. Onze missie is om de hennepteelt in Belgi\u00eb in ere te herstellen. We zijn ervan overtuigd dat hennep de wereld kan helpen verbeteren.<\/p><p>Ons streven naar biologische kwaliteit garandeert dat onze producten vrij zijn van schadelijke pesticiden en additieven. Door voor ons product te kiezen, kies je dus voor een aanpak die het milieu respecteert en tegelijkertijd je welzijn bevordert.<\/p><p>Van onze plantages tot op je bord, elke fase van ons productieproces wordt met zorg uitgevoerd om ervoor te zorgen dat de natuurlijke voordelen van hennep behouden blijven. We maken onze producten zorgvuldig op basis van biologische hennep die we op verantwoorde wijze telen in onze productieketen. Als we tijdelijk geen voorraad hebben, kan het zijn dat we onze producten van buiten Belgi\u00eb betrekken.<\/p><p><b>Ontdek <a href=\"https:\/\/cannavie.be\/nl\/productcategorie\/chanvre-alimentaire\/\" target=\"_blank\" rel=\"noopener\">ons voedselassortiment<\/a> en geniet nu van de voordelen van Belgische hennep!<\/b><\/p><p><b>Volg ons op\u00a0<a href=\"https:\/\/www.facebook.com\/Cannavie?locale=fr_FR\">Facebook<\/a>\u00a0en\u00a0<a href=\"https:\/\/www.instagram.com\/cannavie\/\">Instagram<\/a>\u00a0!<\/b><\/p>\t\t\t\t\t\t<\/div>\n\t\t\t\t<\/div>\n\t\t\t\t\t<\/div>\n\t\t<\/div>\n\t\t\t\t\t\t\t<\/div>\n\t\t<\/section>\n\t\t\t\t\t\t\t<\/div>","protected":false},"excerpt":{"rendered":"<p>Biologische en biologische hennep pasta (Fusili) <strong>gemaakt in Belgi\u00eb<\/strong> door G\u00e9raldine en Sophie in hun atelier in de regio Luik!<\/p>\n<ul>\n<li>Biologisch hennepmeel (10%)<\/li>\n<li>Griesmeel van fijne harde tarwe<\/li>\n<li>Belgische productie 100%<\/li>\n<li>Veganistisch<\/li>\n<\/ul>\n<p>Les Frangines hebben ons biologische hennep-eiwitpoeder in hun recept verwerkt om het nog gezonder te maken.<strong>aveur en originele kleur<\/strong>Maar vooral om te profiteren van de voordelen van hennep prote\u00efne! Hennep prote\u00efne is <strong>zeer goed verteerbaar<\/strong> en <strong>bevat de 8 essenti\u00eble aminozuren<\/strong>waardoor het een compleet eiwit is.<\/p>","protected":false},"featured_media":8788,"comment_status":"open","ping_status":"closed","template":"","meta":[],"product_brand":[],"product_cat":[76],"product_tag":[],"class_list":{"0":"post-9196","1":"product","2":"type-product","3":"status-publish","4":"has-post-thumbnail","6":"product_cat-chanvre-alimentaire","8":"first","9":"instock","10":"taxable","11":"shipping-taxable","12":"purchasable","13":"product-type-simple"},"yoast_head":"<!-- This site is optimized with the Yoast SEO plugin v27.3 - https:\/\/yoast.com\/product\/yoast-seo-wordpress\/ -->\n<title>P\u00e2tes au chanvre Bio - Cannavie<\/title>\n<meta name=\"description\" content=\"D\u00e9couvrez nos P\u00e2tes au Chanvre Bio, source de prot\u00e9ines compl\u00e8tes. Savourez une exp\u00e9rience gourmande et saine Made in Belgium !\" \/>\n<meta name=\"robots\" content=\"index, follow, max-snippet:-1, max-image-preview:large, max-video-preview:-1\" \/>\n<link rel=\"canonical\" href=\"https:\/\/cannavie.be\/nl\/product\/biologische-hennep-pasta\/\" \/>\n<meta property=\"og:locale\" content=\"nl_BE\" \/>\n<meta property=\"og:type\" content=\"article\" \/>\n<meta property=\"og:title\" content=\"P\u00e2tes au chanvre Bio - Cannavie\" \/>\n<meta property=\"og:description\" content=\"D\u00e9couvrez nos P\u00e2tes au Chanvre Bio, source de prot\u00e9ines compl\u00e8tes. Savourez une exp\u00e9rience gourmande et saine Made in Belgium !\" \/>\n<meta property=\"og:url\" content=\"https:\/\/cannavie.be\/nl\/product\/biologische-hennep-pasta\/\" \/>\n<meta property=\"og:site_name\" content=\"Cannavie\" \/>\n<meta property=\"article:publisher\" content=\"https:\/\/www.facebook.com\/Cannavie\" \/>\n<meta property=\"article:modified_time\" content=\"2025-10-30T11:03:14+00:00\" \/>\n<meta property=\"og:image\" content=\"https:\/\/cannavie.be\/wp-content\/uploads\/2023\/04\/Pates-chanvre-goffard-1-799x800.jpg\" \/>\n\t<meta property=\"og:image:width\" content=\"799\" \/>\n\t<meta property=\"og:image:height\" content=\"800\" \/>\n\t<meta property=\"og:image:type\" content=\"image\/jpeg\" \/>\n<meta name=\"twitter:card\" content=\"summary_large_image\" \/>\n<meta name=\"twitter:label1\" content=\"Geschatte leestijd\" \/>\n\t<meta name=\"twitter:data1\" content=\"3 minuten\" \/>\n<script type=\"application\/ld+json\" class=\"yoast-schema-graph\">{\"@context\":\"https:\\\/\\\/schema.org\",\"@graph\":[{\"@type\":\"WebPage\",\"@id\":\"https:\\\/\\\/cannavie.be\\\/produit\\\/pates-chanvre-bio\\\/\",\"url\":\"https:\\\/\\\/cannavie.be\\\/produit\\\/pates-chanvre-bio\\\/\",\"name\":\"P\u00e2tes au chanvre Bio - Cannavie\",\"isPartOf\":{\"@id\":\"https:\\\/\\\/cannavie.be\\\/#website\"},\"primaryImageOfPage\":{\"@id\":\"https:\\\/\\\/cannavie.be\\\/produit\\\/pates-chanvre-bio\\\/#primaryimage\"},\"image\":{\"@id\":\"https:\\\/\\\/cannavie.be\\\/produit\\\/pates-chanvre-bio\\\/#primaryimage\"},\"thumbnailUrl\":\"https:\\\/\\\/cannavie.be\\\/wp-content\\\/uploads\\\/2023\\\/04\\\/Pates-chanvre-goffard-1.jpg\",\"datePublished\":\"2023-11-07T14:30:07+00:00\",\"dateModified\":\"2025-10-30T11:03:14+00:00\",\"description\":\"D\u00e9couvrez nos P\u00e2tes au Chanvre Bio, source de prot\u00e9ines compl\u00e8tes. Savourez une exp\u00e9rience gourmande et saine Made in Belgium !\",\"breadcrumb\":{\"@id\":\"https:\\\/\\\/cannavie.be\\\/produit\\\/pates-chanvre-bio\\\/#breadcrumb\"},\"inLanguage\":\"nl-BE\",\"potentialAction\":[{\"@type\":\"ReadAction\",\"target\":[\"https:\\\/\\\/cannavie.be\\\/produit\\\/pates-chanvre-bio\\\/\"]}]},{\"@type\":\"ImageObject\",\"inLanguage\":\"nl-BE\",\"@id\":\"https:\\\/\\\/cannavie.be\\\/produit\\\/pates-chanvre-bio\\\/#primaryimage\",\"url\":\"https:\\\/\\\/cannavie.be\\\/wp-content\\\/uploads\\\/2023\\\/04\\\/Pates-chanvre-goffard-1.jpg\",\"contentUrl\":\"https:\\\/\\\/cannavie.be\\\/wp-content\\\/uploads\\\/2023\\\/04\\\/Pates-chanvre-goffard-1.jpg\",\"width\":2400,\"height\":2403,\"caption\":\"pates au chanvre biologioque\"},{\"@type\":\"BreadcrumbList\",\"@id\":\"https:\\\/\\\/cannavie.be\\\/produit\\\/pates-chanvre-bio\\\/#breadcrumb\",\"itemListElement\":[{\"@type\":\"ListItem\",\"position\":1,\"name\":\"Accueil\",\"item\":\"https:\\\/\\\/cannavie.be\\\/\"},{\"@type\":\"ListItem\",\"position\":2,\"name\":\"Boutique\",\"item\":\"https:\\\/\\\/cannavie.be\\\/boutique\\\/\"},{\"@type\":\"ListItem\",\"position\":3,\"name\":\"P\u00e2tes au chanvre Bio\"}]},{\"@type\":\"WebSite\",\"@id\":\"https:\\\/\\\/cannavie.be\\\/#website\",\"url\":\"https:\\\/\\\/cannavie.be\\\/\",\"name\":\"Cannavie\",\"description\":\"Producteur de chanvre et CBD en Belgique\",\"publisher\":{\"@id\":\"https:\\\/\\\/cannavie.be\\\/#organization\"},\"potentialAction\":[{\"@type\":\"SearchAction\",\"target\":{\"@type\":\"EntryPoint\",\"urlTemplate\":\"https:\\\/\\\/cannavie.be\\\/?s={search_term_string}\"},\"query-input\":{\"@type\":\"PropertyValueSpecification\",\"valueRequired\":true,\"valueName\":\"search_term_string\"}}],\"inLanguage\":\"nl-BE\"},{\"@type\":\"Organization\",\"@id\":\"https:\\\/\\\/cannavie.be\\\/#organization\",\"name\":\"Cannavie\",\"url\":\"https:\\\/\\\/cannavie.be\\\/\",\"logo\":{\"@type\":\"ImageObject\",\"inLanguage\":\"nl-BE\",\"@id\":\"https:\\\/\\\/cannavie.be\\\/#\\\/schema\\\/logo\\\/image\\\/\",\"url\":\"https:\\\/\\\/cannavie.be\\\/wp-content\\\/uploads\\\/2023\\\/04\\\/cropped-Rond-Cannavie.png\",\"contentUrl\":\"https:\\\/\\\/cannavie.be\\\/wp-content\\\/uploads\\\/2023\\\/04\\\/cropped-Rond-Cannavie.png\",\"width\":512,\"height\":512,\"caption\":\"Cannavie\"},\"image\":{\"@id\":\"https:\\\/\\\/cannavie.be\\\/#\\\/schema\\\/logo\\\/image\\\/\"},\"sameAs\":[\"https:\\\/\\\/www.facebook.com\\\/Cannavie\",\"https:\\\/\\\/www.instagram.com\\\/cannavie\\\/\",\"https:\\\/\\\/www.linkedin.com\\\/company\\\/cannaviebe\\\/\"]}]}<\/script>\n<!-- \/ Yoast SEO plugin. -->","yoast_head_json":{"title":"P\u00e2tes au chanvre Bio - Cannavie","description":"D\u00e9couvrez nos P\u00e2tes au Chanvre Bio, source de prot\u00e9ines compl\u00e8tes. Savourez une exp\u00e9rience gourmande et saine Made in Belgium !","robots":{"index":"index","follow":"follow","max-snippet":"max-snippet:-1","max-image-preview":"max-image-preview:large","max-video-preview":"max-video-preview:-1"},"canonical":"https:\/\/cannavie.be\/nl\/product\/biologische-hennep-pasta\/","og_locale":"nl_BE","og_type":"article","og_title":"P\u00e2tes au chanvre Bio - Cannavie","og_description":"D\u00e9couvrez nos P\u00e2tes au Chanvre Bio, source de prot\u00e9ines compl\u00e8tes. Savourez une exp\u00e9rience gourmande et saine Made in Belgium !","og_url":"https:\/\/cannavie.be\/nl\/product\/biologische-hennep-pasta\/","og_site_name":"Cannavie","article_publisher":"https:\/\/www.facebook.com\/Cannavie","article_modified_time":"2025-10-30T11:03:14+00:00","og_image":[{"width":799,"height":800,"url":"https:\/\/cannavie.be\/wp-content\/uploads\/2023\/04\/Pates-chanvre-goffard-1-799x800.jpg","type":"image\/jpeg"}],"twitter_card":"summary_large_image","twitter_misc":{"Geschatte leestijd":"3 minuten"},"schema":{"@context":"https:\/\/schema.org","@graph":[{"@type":"WebPage","@id":"https:\/\/cannavie.be\/produit\/pates-chanvre-bio\/","url":"https:\/\/cannavie.be\/produit\/pates-chanvre-bio\/","name":"P\u00e2tes au chanvre Bio - Cannavie","isPartOf":{"@id":"https:\/\/cannavie.be\/#website"},"primaryImageOfPage":{"@id":"https:\/\/cannavie.be\/produit\/pates-chanvre-bio\/#primaryimage"},"image":{"@id":"https:\/\/cannavie.be\/produit\/pates-chanvre-bio\/#primaryimage"},"thumbnailUrl":"https:\/\/cannavie.be\/wp-content\/uploads\/2023\/04\/Pates-chanvre-goffard-1.jpg","datePublished":"2023-11-07T14:30:07+00:00","dateModified":"2025-10-30T11:03:14+00:00","description":"D\u00e9couvrez nos P\u00e2tes au Chanvre Bio, source de prot\u00e9ines compl\u00e8tes. Savourez une exp\u00e9rience gourmande et saine Made in Belgium !","breadcrumb":{"@id":"https:\/\/cannavie.be\/produit\/pates-chanvre-bio\/#breadcrumb"},"inLanguage":"nl-BE","potentialAction":[{"@type":"ReadAction","target":["https:\/\/cannavie.be\/produit\/pates-chanvre-bio\/"]}]},{"@type":"ImageObject","inLanguage":"nl-BE","@id":"https:\/\/cannavie.be\/produit\/pates-chanvre-bio\/#primaryimage","url":"https:\/\/cannavie.be\/wp-content\/uploads\/2023\/04\/Pates-chanvre-goffard-1.jpg","contentUrl":"https:\/\/cannavie.be\/wp-content\/uploads\/2023\/04\/Pates-chanvre-goffard-1.jpg","width":2400,"height":2403,"caption":"pates au chanvre biologioque"},{"@type":"BreadcrumbList","@id":"https:\/\/cannavie.be\/produit\/pates-chanvre-bio\/#breadcrumb","itemListElement":[{"@type":"ListItem","position":1,"name":"Accueil","item":"https:\/\/cannavie.be\/"},{"@type":"ListItem","position":2,"name":"Boutique","item":"https:\/\/cannavie.be\/boutique\/"},{"@type":"ListItem","position":3,"name":"P\u00e2tes au chanvre Bio"}]},{"@type":"WebSite","@id":"https:\/\/cannavie.be\/#website","url":"https:\/\/cannavie.be\/","name":"Cannavie","description":"Producteur de chanvre et CBD en Belgique","publisher":{"@id":"https:\/\/cannavie.be\/#organization"},"potentialAction":[{"@type":"SearchAction","target":{"@type":"EntryPoint","urlTemplate":"https:\/\/cannavie.be\/?s={search_term_string}"},"query-input":{"@type":"PropertyValueSpecification","valueRequired":true,"valueName":"search_term_string"}}],"inLanguage":"nl-BE"},{"@type":"Organization","@id":"https:\/\/cannavie.be\/#organization","name":"Cannavie","url":"https:\/\/cannavie.be\/","logo":{"@type":"ImageObject","inLanguage":"nl-BE","@id":"https:\/\/cannavie.be\/#\/schema\/logo\/image\/","url":"https:\/\/cannavie.be\/wp-content\/uploads\/2023\/04\/cropped-Rond-Cannavie.png","contentUrl":"https:\/\/cannavie.be\/wp-content\/uploads\/2023\/04\/cropped-Rond-Cannavie.png","width":512,"height":512,"caption":"Cannavie"},"image":{"@id":"https:\/\/cannavie.be\/#\/schema\/logo\/image\/"},"sameAs":["https:\/\/www.facebook.com\/Cannavie","https:\/\/www.instagram.com\/cannavie\/","https:\/\/www.linkedin.com\/company\/cannaviebe\/"]}]}},"_links":{"self":[{"href":"https:\/\/cannavie.be\/nl\/wp-json\/wp\/v2\/product\/9196","targetHints":{"allow":["GET"]}}],"collection":[{"href":"https:\/\/cannavie.be\/nl\/wp-json\/wp\/v2\/product"}],"about":[{"href":"https:\/\/cannavie.be\/nl\/wp-json\/wp\/v2\/types\/product"}],"replies":[{"embeddable":true,"href":"https:\/\/cannavie.be\/nl\/wp-json\/wp\/v2\/comments?post=9196"}],"version-history":[{"count":0,"href":"https:\/\/cannavie.be\/nl\/wp-json\/wp\/v2\/product\/9196\/revisions"}],"wp:featuredmedia":[{"embeddable":true,"href":"https:\/\/cannavie.be\/nl\/wp-json\/wp\/v2\/media\/8788"}],"wp:attachment":[{"href":"https:\/\/cannavie.be\/nl\/wp-json\/wp\/v2\/media?parent=9196"}],"wp:term":[{"taxonomy":"product_brand","embeddable":true,"href":"https:\/\/cannavie.be\/nl\/wp-json\/wp\/v2\/product_brand?post=9196"},{"taxonomy":"product_cat","embeddable":true,"href":"https:\/\/cannavie.be\/nl\/wp-json\/wp\/v2\/product_cat?post=9196"},{"taxonomy":"product_tag","embeddable":true,"href":"https:\/\/cannavie.be\/nl\/wp-json\/wp\/v2\/product_tag?post=9196"}],"curies":[{"name":"wp","href":"https:\/\/api.w.org\/{rel}","templated":true}]}}